{"id":8,"date":"2022-10-23T19:46:21","date_gmt":"2022-10-23T17:46:21","guid":{"rendered":"https:\/\/medicalzakopane.pl\/en\/?page_id=8"},"modified":"2023-04-26T19:12:23","modified_gmt":"2023-04-26T17:12:23","slug":"strona-glowna","status":"publish","type":"page","link":"https:\/\/medicalzakopane.pl\/sk\/","title":{"rendered":"Home"},"content":{"rendered":"","protected":false},"excerpt":{"rendered":"","protected":false},"author":2,"featured_media":0,"parent":0,"menu_order":0,"comment_status":"closed","ping_status":"closed","template":"page-home.php","meta":{"footnotes":""},"class_list":["post-8","page","type-page","status-publish","hentry"],"acf":[],"yoast_head":"<!-- This site is optimized with the Yoast SEO plugin v25.0 - https:\/\/yoast.com\/wordpress\/plugins\/seo\/ -->\n<title>Medical Clinic Podhale Art - Zakopane - Nowy Targ<\/title>\n<meta name=\"description\" content=\"Medical Clinic Podhale Art je s\u00fakromn\u00e1 \u0161pecializovan\u00e1 klinika zalo\u017een\u00e1 v roku 2021, ktor\u00e1 svojim pacientom pon\u00faka komplexn\u00fa lek\u00e1rsku starostlivos\u0165.\" \/>\n<meta name=\"robots\" content=\"index, follow, max-snippet:-1, max-image-preview:large, max-video-preview:-1\" \/>\n<link rel=\"canonical\" href=\"https:\/\/medicalzakopane.pl\/sk\/\" \/>\n<meta property=\"og:locale\" content=\"sk_SK\" \/>\n<meta property=\"og:type\" content=\"article\" \/>\n<meta property=\"og:title\" content=\"Medical Clinic Podhale Art - Zakopane - Nowy Targ\" \/>\n<meta property=\"og:description\" content=\"Medical Clinic Podhale Art je s\u00fakromn\u00e1 \u0161pecializovan\u00e1 klinika zalo\u017een\u00e1 v roku 2021, ktor\u00e1 svojim pacientom pon\u00faka komplexn\u00fa lek\u00e1rsku starostlivos\u0165.\" \/>\n<meta property=\"og:url\" content=\"https:\/\/medicalzakopane.pl\/sk\/\" \/>\n<meta property=\"og:site_name\" content=\"Medical Clinic Podhale Art - Zakopane - Nowy Targ\" \/>\n<meta property=\"article:modified_time\" content=\"2023-04-26T17:12:23+00:00\" \/>\n<meta name=\"twitter:card\" content=\"summary_large_image\" \/>\n<!-- \/ Yoast SEO plugin. -->","yoast_head_json":{"title":"Medical Clinic Podhale Art - Zakopane - Nowy Targ","description":"Medical Clinic Podhale Art je s\u00fakromn\u00e1 \u0161pecializovan\u00e1 klinika zalo\u017een\u00e1 v roku 2021, ktor\u00e1 svojim pacientom pon\u00faka komplexn\u00fa lek\u00e1rsku starostlivos\u0165.","robots":{"index":"index","follow":"follow","max-snippet":"max-snippet:-1","max-image-preview":"max-image-preview:large","max-video-preview":"max-video-preview:-1"},"canonical":"https:\/\/medicalzakopane.pl\/sk\/","og_locale":"sk_SK","og_type":"article","og_title":"Medical Clinic Podhale Art - Zakopane - Nowy Targ","og_description":"Medical Clinic Podhale Art je s\u00fakromn\u00e1 \u0161pecializovan\u00e1 klinika zalo\u017een\u00e1 v roku 2021, ktor\u00e1 svojim pacientom pon\u00faka komplexn\u00fa lek\u00e1rsku starostlivos\u0165.","og_url":"https:\/\/medicalzakopane.pl\/sk\/","og_site_name":"Medical Clinic Podhale Art - Zakopane - Nowy Targ","article_modified_time":"2023-04-26T17:12:23+00:00","twitter_card":"summary_large_image","schema":{"@context":"https:\/\/schema.org","@graph":[{"@type":"WebPage","@id":"https:\/\/medicalzakopane.pl\/sk\/","url":"https:\/\/medicalzakopane.pl\/sk\/","name":"Medical Clinic Podhale Art - Zakopane - Nowy Targ","isPartOf":{"@id":"https:\/\/medicalzakopane.pl\/sk\/#website"},"datePublished":"2022-10-23T17:46:21+00:00","dateModified":"2023-04-26T17:12:23+00:00","description":"Medical Clinic Podhale Art je s\u00fakromn\u00e1 \u0161pecializovan\u00e1 klinika zalo\u017een\u00e1 v roku 2021, ktor\u00e1 svojim pacientom pon\u00faka komplexn\u00fa lek\u00e1rsku starostlivos\u0165.","breadcrumb":{"@id":"https:\/\/medicalzakopane.pl\/sk\/#breadcrumb"},"inLanguage":"sk-SK","potentialAction":[{"@type":"ReadAction","target":["https:\/\/medicalzakopane.pl\/sk\/"]}]},{"@type":"BreadcrumbList","@id":"https:\/\/medicalzakopane.pl\/sk\/#breadcrumb","itemListElement":[{"@type":"ListItem","position":1,"name":"Home","item":"https:\/\/medicalzakopane.pl\/sk\/"},{"@type":"ListItem","position":2,"name":"Home"}]},{"@type":"WebSite","@id":"https:\/\/medicalzakopane.pl\/sk\/#website","url":"https:\/\/medicalzakopane.pl\/sk\/","name":"Medical Clinic Podhale Art - Zakopane - Nowy Targ","description":"Medical Clinic Podhale Art je s\u00fakromn\u00e1 \u0161pecializovan\u00e1 klinika zalo\u017een\u00e1 v roku 2021, ktor\u00e1 svojim pacientom pon\u00faka komplexn\u00fa lek\u00e1rsku starostlivos\u0165 v mnoh\u00fdch oblastiach medic\u00edny.","potentialAction":[{"@type":"SearchAction","target":{"@type":"EntryPoint","urlTemplate":"https:\/\/medicalzakopane.pl\/sk\/?s={search_term_string}"},"query-input":{"@type":"PropertyValueSpecification","valueRequired":true,"valueName":"search_term_string"}}],"inLanguage":"sk-SK"}]}},"_links":{"self":[{"href":"https:\/\/medicalzakopane.pl\/sk\/wp-json\/wp\/v2\/pages\/8","targetHints":{"allow":["GET"]}}],"collection":[{"href":"https:\/\/medicalzakopane.pl\/sk\/wp-json\/wp\/v2\/pages"}],"about":[{"href":"https:\/\/medicalzakopane.pl\/sk\/wp-json\/wp\/v2\/types\/page"}],"author":[{"embeddable":true,"href":"https:\/\/medicalzakopane.pl\/sk\/wp-json\/wp\/v2\/users\/2"}],"replies":[{"embeddable":true,"href":"https:\/\/medicalzakopane.pl\/sk\/wp-json\/wp\/v2\/comments?post=8"}],"version-history":[{"count":1,"href":"https:\/\/medicalzakopane.pl\/sk\/wp-json\/wp\/v2\/pages\/8\/revisions"}],"predecessor-version":[{"id":7792,"href":"https:\/\/medicalzakopane.pl\/sk\/wp-json\/wp\/v2\/pages\/8\/revisions\/7792"}],"wp:attachment":[{"href":"https:\/\/medicalzakopane.pl\/sk\/wp-json\/wp\/v2\/media?parent=8"}],"curies":[{"name":"wp","href":"https:\/\/api.w.org\/{rel}","templated":true}]}}