{"id":7950,"date":"2023-09-11T11:59:08","date_gmt":"2023-09-11T09:59:08","guid":{"rendered":"https:\/\/medicalzakopane.pl\/sk\/?page_id=7950"},"modified":"2023-10-03T14:29:42","modified_gmt":"2023-10-03T12:29:42","slug":"vseobecne-nariadenie-o-ochrane-udajov","status":"publish","type":"page","link":"https:\/\/medicalzakopane.pl\/sk\/vseobecne-nariadenie-o-ochrane-udajov\/","title":{"rendered":"V\u0161eobecn\u00e9 nariadenie o ochrane \u00fadajov"},"content":{"rendered":"<p>Nariadenie o ochrane \u00fadajov stanovuje povinnos\u0165 zverejni\u0165 kontaktn\u00e9 \u00fadaje \u00faradn\u00edka pre ochranu \u00fadajov. Dotknut\u00e9 osoby sa pod\u013ea \u010dl\u00e1nku 38 ods. 4 nariadenia o ochrane \u00fadajov m\u00f4\u017eu obr\u00e1ti\u0165 na \u00faradn\u00edka pre ochranu \u00fadajov (DPO) vo v\u0161etk\u00fdch z\u00e1le\u017eitostiach t\u00fdkaj\u00facich sa sprac\u00favania ich osobn\u00fdch \u00fadajov a v\u00fdkonu ich pr\u00e1v pod\u013ea tohto nariadenia.<\/p>\n<p>V s\u00falade s t\u00fdm zverej\u0148ujeme na webovej lokalite kontaktn\u00e9 \u00fadaje DPO, aby sa na\u0148ho mohli zainteresovan\u00e9 strany obr\u00e1ti\u0165.<\/p>\n<p><strong>\u00daradn\u00edk pre ochranu \u00fadajov:<\/strong> Rafa\u0142 Andrzejewski<\/p>\n<p><strong>Kontaktn\u00e9 \u00fadaje:<\/strong> <a class=\"moz-txt-link-abbreviated\" href=\"mailto:iod.r.andrzejewski@szkoleniaprawnicze.com.pl\">iod.r.andrzejewski@szkoleniaprawnicze.com.pl<\/a>,\u00a0 nr tel.:\u00a0<a class=\"moz-txt-link-freetext\" href=\"tel:504976690\">504976690<\/a><\/p>\n<p><strong>Dokumenty:<\/strong><\/p>\n<ul>\n<li><a href=\"https:\/\/medicalzakopane.pl\/wp-content\/uploads\/2023\/09\/1.OI-ogolny-MEDICAL.pdf\">Informa\u010dn\u00e1 povinnos\u0165 pod\u013ea nariadenia GDPR<\/a><\/li>\n<li><a href=\"https:\/\/medicalzakopane.pl\/wp-content\/uploads\/2023\/09\/OI-ZP-13-i-14-RODO-ponizej-progow.pdf\">Informa\u010dn\u00e1 povinnos\u0165 pod\u013ea nariadenia o ochrane osobn\u00fdch \u00fadajov v s\u00favislosti s postupom verejn\u00e9ho obstar\u00e1vania (pod prahov\u00fdmi hodnotami &#8211; napr. dopytovanie\/prieskum trhu)<\/a><\/li>\n<li><a href=\"https:\/\/medicalzakopane.pl\/wp-content\/uploads\/2023\/09\/OI-zapewnienie-dostepnosci.pdf\">Informa\u010dn\u00e1 povinnos\u0165 pod\u013ea nariadenia o ochrane \u00fadajov o osobn\u00fdch \u00fadajoch os\u00f4b, ktor\u00e9 \u017eiadaj\u00fa o architektonick\u00fa alebo informa\u010dn\u00fa a komunika\u010dn\u00fa pr\u00edstupnos\u0165 alebo nahlasuj\u00fa nedostato\u010dn\u00fa architektonick\u00fa alebo informa\u010dn\u00fa a komunika\u010dn\u00fa pr\u00edstupnos\u0165, ako aj os\u00f4b, ktor\u00e9 \u017eiadaj\u00fa o digit\u00e1lnu pr\u00edstupnos\u0165<\/a><\/li>\n<li><a href=\"https:\/\/medicalzakopane.pl\/wp-content\/uploads\/2023\/09\/OI-umowy-cywilnoprawne.pdf\">Informa\u010dn\u00e1 povinnos\u0165 &#8211; osoby zamestnan\u00e9 na z\u00e1klade ob\u010dianskopr\u00e1vnych zml\u00fav<\/a><\/li>\n<li><a href=\"https:\/\/medicalzakopane.pl\/wp-content\/uploads\/2023\/09\/OI-umowy-13-i-14-RODO.pdf\">Povinnos\u0165 poskytova\u0165 inform\u00e1cie pod\u013ea \u010dl\u00e1nku 13 ods. 1 a 2 a \u010dl\u00e1nku 14 nariadenia Eur\u00f3pskeho parlamentu a Rady (E\u00da)<\/a><\/li>\n<li><a href=\"https:\/\/medicalzakopane.pl\/wp-content\/uploads\/2023\/09\/OI-stazysci-i-praktykanci.pdf\">Informa\u010dn\u00e1 povinnos\u0165 &#8211; st\u00e1\u017eisti a u\u010dni<\/a><\/li>\n<li><a href=\"https:\/\/medicalzakopane.pl\/wp-content\/uploads\/2023\/09\/OI-rekrutacja.pdf\">Informa\u010dn\u00e1 povinnos\u0165 osoby, ktor\u00e1 m\u00e1 by\u0165 zamestnan\u00e1\/spolupracuj\u00faca<\/a><\/li>\n<li><a href=\"https:\/\/medicalzakopane.pl\/wp-content\/uploads\/2023\/09\/OI-pracownik.pdf\">Informa\u010dn\u00e1 povinnos\u0165 &#8211; zamestnanec<\/a><\/li>\n<li><a href=\"https:\/\/medicalzakopane.pl\/wp-content\/uploads\/2023\/09\/OI-PPK.pdf\">Informa\u010dn\u00e1 povinnos\u0165 &#8211; \u00fa\u010dastn\u00edk PPK<\/a><\/li>\n<li><a href=\"https:\/\/medicalzakopane.pl\/wp-content\/uploads\/2023\/09\/2.OI-MONITORING-WIZYJNY.pdf\">Informa\u010dn\u00e1 dolo\u017eka: video doh\u013ead<\/a><\/li>\n<li><a href=\"https:\/\/medicalzakopane.pl\/wp-content\/uploads\/2023\/09\/2.OI-MONITORING-TELEFONICZNY.pdf\">Informa\u010dn\u00e1 klauzula o ochrane \u00fadajov GDPR &#8211; monitorovanie telefonick\u00fdch hovorov<\/a><\/li>\n<li><a href=\"https:\/\/medicalzakopane.pl\/wp-content\/uploads\/2023\/09\/1.OI-RODO-PACJENT.pdf\">Informa\u010dn\u00e1 povinnos\u0165 GDPR ur\u010den\u00e1 pacientom<\/a><\/li>\n<\/ul>\n","protected":false},"excerpt":{"rendered":"<p>Nariadenie o ochrane \u00fadajov stanovuje povinnos\u0165 zverejni\u0165 kontaktn\u00e9 \u00fadaje \u00faradn\u00edka pre ochranu \u00fadajov. Dotknut\u00e9 osoby sa pod\u013ea \u010dl\u00e1nku 38 ods. 4 nariadenia o ochrane \u00fadajov m\u00f4\u017eu obr\u00e1ti\u0165 na \u00faradn\u00edka pre ochranu \u00fadajov (DPO) vo v\u0161etk\u00fdch z\u00e1le\u017eitostiach t\u00fdkaj\u00facich sa sprac\u00favania ich osobn\u00fdch \u00fadajov a v\u00fdkonu ich pr\u00e1v pod\u013ea tohto nariadenia. V s\u00falade s t\u00fdm zverej\u0148ujeme na <a href=\"https:\/\/medicalzakopane.pl\/sk\/vseobecne-nariadenie-o-ochrane-udajov\/\" class=\"more-link\">&#8230;<span class=\"screen-reader-text\">  V\u0161eobecn\u00e9 nariadenie o ochrane \u00fadajov<\/span><\/a><\/p>\n","protected":false},"author":2,"featured_media":0,"parent":0,"menu_order":0,"comment_status":"closed","ping_status":"closed","template":"","meta":{"footnotes":""},"class_list":["post-7950","page","type-page","status-publish","hentry"],"acf":[],"yoast_head":"<!-- This site is optimized with the Yoast SEO plugin v25.0 - https:\/\/yoast.com\/wordpress\/plugins\/seo\/ -->\n<title>V\u0161eobecn\u00e9 nariadenie o ochrane \u00fadajov - Medical Clinic Podhale Art - Zakopane - Nowy Targ<\/title>\n<meta name=\"robots\" content=\"index, follow, max-snippet:-1, max-image-preview:large, max-video-preview:-1\" \/>\n<link rel=\"canonical\" href=\"https:\/\/medicalzakopane.pl\/sk\/vseobecne-nariadenie-o-ochrane-udajov\/\" \/>\n<meta property=\"og:locale\" content=\"sk_SK\" \/>\n<meta property=\"og:type\" content=\"article\" \/>\n<meta property=\"og:title\" content=\"V\u0161eobecn\u00e9 nariadenie o ochrane \u00fadajov - Medical Clinic Podhale Art - Zakopane - Nowy Targ\" \/>\n<meta property=\"og:description\" content=\"Nariadenie o ochrane \u00fadajov stanovuje povinnos\u0165 zverejni\u0165 kontaktn\u00e9 \u00fadaje \u00faradn\u00edka pre ochranu \u00fadajov. Dotknut\u00e9 osoby sa pod\u013ea \u010dl\u00e1nku 38 ods. 4 nariadenia o ochrane \u00fadajov m\u00f4\u017eu obr\u00e1ti\u0165 na \u00faradn\u00edka pre ochranu \u00fadajov (DPO) vo v\u0161etk\u00fdch z\u00e1le\u017eitostiach t\u00fdkaj\u00facich sa sprac\u00favania ich osobn\u00fdch \u00fadajov a v\u00fdkonu ich pr\u00e1v pod\u013ea tohto nariadenia. V s\u00falade s t\u00fdm zverej\u0148ujeme na ... V\u0161eobecn\u00e9 nariadenie o ochrane \u00fadajov\" \/>\n<meta property=\"og:url\" content=\"https:\/\/medicalzakopane.pl\/sk\/vseobecne-nariadenie-o-ochrane-udajov\/\" \/>\n<meta property=\"og:site_name\" content=\"Medical Clinic Podhale Art - Zakopane - Nowy Targ\" \/>\n<meta property=\"article:modified_time\" content=\"2023-10-03T12:29:42+00:00\" \/>\n<meta name=\"twitter:card\" content=\"summary_large_image\" \/>\n<meta name=\"twitter:label1\" content=\"Predpokladan\u00fd \u010das \u010d\u00edtania\" \/>\n\t<meta name=\"twitter:data1\" content=\"2 min\u00faty\" \/>\n<!-- \/ Yoast SEO plugin. -->","yoast_head_json":{"title":"V\u0161eobecn\u00e9 nariadenie o ochrane \u00fadajov - Medical Clinic Podhale Art - Zakopane - Nowy Targ","robots":{"index":"index","follow":"follow","max-snippet":"max-snippet:-1","max-image-preview":"max-image-preview:large","max-video-preview":"max-video-preview:-1"},"canonical":"https:\/\/medicalzakopane.pl\/sk\/vseobecne-nariadenie-o-ochrane-udajov\/","og_locale":"sk_SK","og_type":"article","og_title":"V\u0161eobecn\u00e9 nariadenie o ochrane \u00fadajov - Medical Clinic Podhale Art - Zakopane - Nowy Targ","og_description":"Nariadenie o ochrane \u00fadajov stanovuje povinnos\u0165 zverejni\u0165 kontaktn\u00e9 \u00fadaje \u00faradn\u00edka pre ochranu \u00fadajov. Dotknut\u00e9 osoby sa pod\u013ea \u010dl\u00e1nku 38 ods. 4 nariadenia o ochrane \u00fadajov m\u00f4\u017eu obr\u00e1ti\u0165 na \u00faradn\u00edka pre ochranu \u00fadajov (DPO) vo v\u0161etk\u00fdch z\u00e1le\u017eitostiach t\u00fdkaj\u00facich sa sprac\u00favania ich osobn\u00fdch \u00fadajov a v\u00fdkonu ich pr\u00e1v pod\u013ea tohto nariadenia. V s\u00falade s t\u00fdm zverej\u0148ujeme na ... V\u0161eobecn\u00e9 nariadenie o ochrane \u00fadajov","og_url":"https:\/\/medicalzakopane.pl\/sk\/vseobecne-nariadenie-o-ochrane-udajov\/","og_site_name":"Medical Clinic Podhale Art - Zakopane - Nowy Targ","article_modified_time":"2023-10-03T12:29:42+00:00","twitter_card":"summary_large_image","twitter_misc":{"Predpokladan\u00fd \u010das \u010d\u00edtania":"2 min\u00faty"},"schema":{"@context":"https:\/\/schema.org","@graph":[{"@type":"WebPage","@id":"https:\/\/medicalzakopane.pl\/sk\/vseobecne-nariadenie-o-ochrane-udajov\/","url":"https:\/\/medicalzakopane.pl\/sk\/vseobecne-nariadenie-o-ochrane-udajov\/","name":"V\u0161eobecn\u00e9 nariadenie o ochrane \u00fadajov - Medical Clinic Podhale Art - Zakopane - Nowy Targ","isPartOf":{"@id":"https:\/\/medicalzakopane.pl\/sk\/#website"},"datePublished":"2023-09-11T09:59:08+00:00","dateModified":"2023-10-03T12:29:42+00:00","breadcrumb":{"@id":"https:\/\/medicalzakopane.pl\/sk\/vseobecne-nariadenie-o-ochrane-udajov\/#breadcrumb"},"inLanguage":"sk-SK","potentialAction":[{"@type":"ReadAction","target":["https:\/\/medicalzakopane.pl\/sk\/vseobecne-nariadenie-o-ochrane-udajov\/"]}]},{"@type":"BreadcrumbList","@id":"https:\/\/medicalzakopane.pl\/sk\/vseobecne-nariadenie-o-ochrane-udajov\/#breadcrumb","itemListElement":[{"@type":"ListItem","position":1,"name":"Home","item":"https:\/\/medicalzakopane.pl\/sk\/"},{"@type":"ListItem","position":2,"name":"V\u0161eobecn\u00e9 nariadenie o ochrane \u00fadajov"}]},{"@type":"WebSite","@id":"https:\/\/medicalzakopane.pl\/sk\/#website","url":"https:\/\/medicalzakopane.pl\/sk\/","name":"Medical Clinic Podhale Art - Zakopane - Nowy Targ","description":"Medical Clinic Podhale Art je s\u00fakromn\u00e1 \u0161pecializovan\u00e1 klinika zalo\u017een\u00e1 v roku 2021, ktor\u00e1 svojim pacientom pon\u00faka komplexn\u00fa lek\u00e1rsku starostlivos\u0165 v mnoh\u00fdch oblastiach medic\u00edny.","potentialAction":[{"@type":"SearchAction","target":{"@type":"EntryPoint","urlTemplate":"https:\/\/medicalzakopane.pl\/sk\/?s={search_term_string}"},"query-input":{"@type":"PropertyValueSpecification","valueRequired":true,"valueName":"search_term_string"}}],"inLanguage":"sk-SK"}]}},"_links":{"self":[{"href":"https:\/\/medicalzakopane.pl\/sk\/wp-json\/wp\/v2\/pages\/7950","targetHints":{"allow":["GET"]}}],"collection":[{"href":"https:\/\/medicalzakopane.pl\/sk\/wp-json\/wp\/v2\/pages"}],"about":[{"href":"https:\/\/medicalzakopane.pl\/sk\/wp-json\/wp\/v2\/types\/page"}],"author":[{"embeddable":true,"href":"https:\/\/medicalzakopane.pl\/sk\/wp-json\/wp\/v2\/users\/2"}],"replies":[{"embeddable":true,"href":"https:\/\/medicalzakopane.pl\/sk\/wp-json\/wp\/v2\/comments?post=7950"}],"version-history":[{"count":3,"href":"https:\/\/medicalzakopane.pl\/sk\/wp-json\/wp\/v2\/pages\/7950\/revisions"}],"predecessor-version":[{"id":8044,"href":"https:\/\/medicalzakopane.pl\/sk\/wp-json\/wp\/v2\/pages\/7950\/revisions\/8044"}],"wp:attachment":[{"href":"https:\/\/medicalzakopane.pl\/sk\/wp-json\/wp\/v2\/media?parent=7950"}],"curies":[{"name":"wp","href":"https:\/\/api.w.org\/{rel}","templated":true}]}}