{"id":7917,"date":"2023-06-09T17:09:36","date_gmt":"2023-06-09T15:09:36","guid":{"rendered":"https:\/\/medicalzakopane.pl\/sk\/?page_id=7917"},"modified":"2023-06-09T17:09:36","modified_gmt":"2023-06-09T15:09:36","slug":"informacie-o-uradnikovi-pre-ochranu-udajov","status":"publish","type":"page","link":"https:\/\/medicalzakopane.pl\/sk\/informacie-o-uradnikovi-pre-ochranu-udajov\/","title":{"rendered":"Inform\u00e1cie o \u00faradn\u00edkovi pre ochranu \u00fadajov"},"content":{"rendered":"<p><strong>Ozn\u00e1menie kontaktn\u00fdch \u00fadajov \u00faradn\u00edka pre ochranu \u00fadajov<\/strong><\/p>\n<p>V nariaden\u00ed o ochrane osobn\u00fdch \u00fadajov sa stanovuje povinnos\u0165 zverejni\u0165 kontaktn\u00e9 \u00fadaje in\u0161pektora pre ochranu \u00fadajov. Dotknut\u00e9 osoby maj\u00fa pod\u013ea \u010dl\u00e1nku 38 ods. 4 po\u013esk\u00e9ho nariadenia o ochrane \u00fadajov mo\u017enos\u0165 kontaktova\u0165 \u00faradn\u00edka pre ochranu \u00fadajov vo v\u0161etk\u00fdch z\u00e1le\u017eitostiach t\u00fdkaj\u00facich sa sprac\u00favania ich osobn\u00fdch \u00fadajov a v\u00fdkonu ich pr\u00e1v pod\u013ea tohto nariadenia.<\/p>\n<p><strong>V s\u00falade s t\u00fdm zverej\u0148ujeme na webovej lokalite kontaktn\u00e9 \u00fadaje \u00faradn\u00edka pre ochranu \u00fadajov, aby sa na\u0148ho mohli zainteresovan\u00e9 strany obr\u00e1ti\u0165.<\/strong><\/p>\n<p>\u00daradn\u00edk pre ochranu \u00fadajov: Rafal Andrzejewski<\/p>\n<p><strong>Kontaktn\u00e9 inform\u00e1cie:<\/strong> iod.r.andrzejewski@szkoleniaprawnicze.com.pl, tel.: +48 504976690<\/p>\n","protected":false},"excerpt":{"rendered":"<p>Ozn\u00e1menie kontaktn\u00fdch \u00fadajov \u00faradn\u00edka pre ochranu \u00fadajov V nariaden\u00ed o ochrane osobn\u00fdch \u00fadajov sa stanovuje povinnos\u0165 zverejni\u0165 kontaktn\u00e9 \u00fadaje in\u0161pektora pre ochranu \u00fadajov. Dotknut\u00e9 osoby maj\u00fa pod\u013ea \u010dl\u00e1nku 38 ods. 4 po\u013esk\u00e9ho nariadenia o ochrane \u00fadajov mo\u017enos\u0165 kontaktova\u0165 \u00faradn\u00edka pre ochranu \u00fadajov vo v\u0161etk\u00fdch z\u00e1le\u017eitostiach t\u00fdkaj\u00facich sa sprac\u00favania ich osobn\u00fdch \u00fadajov a v\u00fdkonu ich pr\u00e1v <a href=\"https:\/\/medicalzakopane.pl\/sk\/informacie-o-uradnikovi-pre-ochranu-udajov\/\" class=\"more-link\">&#8230;<span class=\"screen-reader-text\">  Inform\u00e1cie o \u00faradn\u00edkovi pre ochranu \u00fadajov<\/span><\/a><\/p>\n","protected":false},"author":2,"featured_media":0,"parent":0,"menu_order":0,"comment_status":"closed","ping_status":"closed","template":"","meta":{"footnotes":""},"class_list":["post-7917","page","type-page","status-publish","hentry"],"acf":[],"yoast_head":"<!-- This site is optimized with the Yoast SEO plugin v25.0 - https:\/\/yoast.com\/wordpress\/plugins\/seo\/ -->\n<title>Inform\u00e1cie o \u00faradn\u00edkovi pre ochranu \u00fadajov - Medical Clinic Podhale Art - Zakopane - Nowy Targ<\/title>\n<meta name=\"robots\" content=\"index, follow, max-snippet:-1, max-image-preview:large, max-video-preview:-1\" \/>\n<link rel=\"canonical\" href=\"https:\/\/medicalzakopane.pl\/sk\/informacie-o-uradnikovi-pre-ochranu-udajov\/\" \/>\n<meta property=\"og:locale\" content=\"sk_SK\" \/>\n<meta property=\"og:type\" content=\"article\" \/>\n<meta property=\"og:title\" content=\"Inform\u00e1cie o \u00faradn\u00edkovi pre ochranu \u00fadajov - Medical Clinic Podhale Art - Zakopane - Nowy Targ\" \/>\n<meta property=\"og:description\" content=\"Ozn\u00e1menie kontaktn\u00fdch \u00fadajov \u00faradn\u00edka pre ochranu \u00fadajov V nariaden\u00ed o ochrane osobn\u00fdch \u00fadajov sa stanovuje povinnos\u0165 zverejni\u0165 kontaktn\u00e9 \u00fadaje in\u0161pektora pre ochranu \u00fadajov. Dotknut\u00e9 osoby maj\u00fa pod\u013ea \u010dl\u00e1nku 38 ods. 4 po\u013esk\u00e9ho nariadenia o ochrane \u00fadajov mo\u017enos\u0165 kontaktova\u0165 \u00faradn\u00edka pre ochranu \u00fadajov vo v\u0161etk\u00fdch z\u00e1le\u017eitostiach t\u00fdkaj\u00facich sa sprac\u00favania ich osobn\u00fdch \u00fadajov a v\u00fdkonu ich pr\u00e1v ... Inform\u00e1cie o \u00faradn\u00edkovi pre ochranu \u00fadajov\" \/>\n<meta property=\"og:url\" content=\"https:\/\/medicalzakopane.pl\/sk\/informacie-o-uradnikovi-pre-ochranu-udajov\/\" \/>\n<meta property=\"og:site_name\" content=\"Medical Clinic Podhale Art - Zakopane - Nowy Targ\" \/>\n<meta name=\"twitter:card\" content=\"summary_large_image\" \/>\n<meta name=\"twitter:label1\" content=\"Predpokladan\u00fd \u010das \u010d\u00edtania\" \/>\n\t<meta name=\"twitter:data1\" content=\"1 min\u00fata\" \/>\n<!-- \/ Yoast SEO plugin. -->","yoast_head_json":{"title":"Inform\u00e1cie o \u00faradn\u00edkovi pre ochranu \u00fadajov - Medical Clinic Podhale Art - Zakopane - Nowy Targ","robots":{"index":"index","follow":"follow","max-snippet":"max-snippet:-1","max-image-preview":"max-image-preview:large","max-video-preview":"max-video-preview:-1"},"canonical":"https:\/\/medicalzakopane.pl\/sk\/informacie-o-uradnikovi-pre-ochranu-udajov\/","og_locale":"sk_SK","og_type":"article","og_title":"Inform\u00e1cie o \u00faradn\u00edkovi pre ochranu \u00fadajov - Medical Clinic Podhale Art - Zakopane - Nowy Targ","og_description":"Ozn\u00e1menie kontaktn\u00fdch \u00fadajov \u00faradn\u00edka pre ochranu \u00fadajov V nariaden\u00ed o ochrane osobn\u00fdch \u00fadajov sa stanovuje povinnos\u0165 zverejni\u0165 kontaktn\u00e9 \u00fadaje in\u0161pektora pre ochranu \u00fadajov. Dotknut\u00e9 osoby maj\u00fa pod\u013ea \u010dl\u00e1nku 38 ods. 4 po\u013esk\u00e9ho nariadenia o ochrane \u00fadajov mo\u017enos\u0165 kontaktova\u0165 \u00faradn\u00edka pre ochranu \u00fadajov vo v\u0161etk\u00fdch z\u00e1le\u017eitostiach t\u00fdkaj\u00facich sa sprac\u00favania ich osobn\u00fdch \u00fadajov a v\u00fdkonu ich pr\u00e1v ... Inform\u00e1cie o \u00faradn\u00edkovi pre ochranu \u00fadajov","og_url":"https:\/\/medicalzakopane.pl\/sk\/informacie-o-uradnikovi-pre-ochranu-udajov\/","og_site_name":"Medical Clinic Podhale Art - Zakopane - Nowy Targ","twitter_card":"summary_large_image","twitter_misc":{"Predpokladan\u00fd \u010das \u010d\u00edtania":"1 min\u00fata"},"schema":{"@context":"https:\/\/schema.org","@graph":[{"@type":"WebPage","@id":"https:\/\/medicalzakopane.pl\/sk\/informacie-o-uradnikovi-pre-ochranu-udajov\/","url":"https:\/\/medicalzakopane.pl\/sk\/informacie-o-uradnikovi-pre-ochranu-udajov\/","name":"Inform\u00e1cie o \u00faradn\u00edkovi pre ochranu \u00fadajov - Medical Clinic Podhale Art - Zakopane - Nowy Targ","isPartOf":{"@id":"https:\/\/medicalzakopane.pl\/sk\/#website"},"datePublished":"2023-06-09T15:09:36+00:00","breadcrumb":{"@id":"https:\/\/medicalzakopane.pl\/sk\/informacie-o-uradnikovi-pre-ochranu-udajov\/#breadcrumb"},"inLanguage":"sk-SK","potentialAction":[{"@type":"ReadAction","target":["https:\/\/medicalzakopane.pl\/sk\/informacie-o-uradnikovi-pre-ochranu-udajov\/"]}]},{"@type":"BreadcrumbList","@id":"https:\/\/medicalzakopane.pl\/sk\/informacie-o-uradnikovi-pre-ochranu-udajov\/#breadcrumb","itemListElement":[{"@type":"ListItem","position":1,"name":"Home","item":"https:\/\/medicalzakopane.pl\/sk\/"},{"@type":"ListItem","position":2,"name":"Inform\u00e1cie o \u00faradn\u00edkovi pre ochranu \u00fadajov"}]},{"@type":"WebSite","@id":"https:\/\/medicalzakopane.pl\/sk\/#website","url":"https:\/\/medicalzakopane.pl\/sk\/","name":"Medical Clinic Podhale Art - Zakopane - Nowy Targ","description":"Medical Clinic Podhale Art je s\u00fakromn\u00e1 \u0161pecializovan\u00e1 klinika zalo\u017een\u00e1 v roku 2021, ktor\u00e1 svojim pacientom pon\u00faka komplexn\u00fa lek\u00e1rsku starostlivos\u0165 v mnoh\u00fdch oblastiach medic\u00edny.","potentialAction":[{"@type":"SearchAction","target":{"@type":"EntryPoint","urlTemplate":"https:\/\/medicalzakopane.pl\/sk\/?s={search_term_string}"},"query-input":{"@type":"PropertyValueSpecification","valueRequired":true,"valueName":"search_term_string"}}],"inLanguage":"sk-SK"}]}},"_links":{"self":[{"href":"https:\/\/medicalzakopane.pl\/sk\/wp-json\/wp\/v2\/pages\/7917","targetHints":{"allow":["GET"]}}],"collection":[{"href":"https:\/\/medicalzakopane.pl\/sk\/wp-json\/wp\/v2\/pages"}],"about":[{"href":"https:\/\/medicalzakopane.pl\/sk\/wp-json\/wp\/v2\/types\/page"}],"author":[{"embeddable":true,"href":"https:\/\/medicalzakopane.pl\/sk\/wp-json\/wp\/v2\/users\/2"}],"replies":[{"embeddable":true,"href":"https:\/\/medicalzakopane.pl\/sk\/wp-json\/wp\/v2\/comments?post=7917"}],"version-history":[{"count":1,"href":"https:\/\/medicalzakopane.pl\/sk\/wp-json\/wp\/v2\/pages\/7917\/revisions"}],"predecessor-version":[{"id":7918,"href":"https:\/\/medicalzakopane.pl\/sk\/wp-json\/wp\/v2\/pages\/7917\/revisions\/7918"}],"wp:attachment":[{"href":"https:\/\/medicalzakopane.pl\/sk\/wp-json\/wp\/v2\/media?parent=7917"}],"curies":[{"name":"wp","href":"https:\/\/api.w.org\/{rel}","templated":true}]}}