{"id":7033,"date":"2019-02-19T12:29:02","date_gmt":"2019-02-19T11:29:02","guid":{"rendered":"http:\/\/dev.roxxmedia.pl\/medical\/?page_id=3"},"modified":"2023-04-28T02:47:30","modified_gmt":"2023-04-28T00:47:30","slug":"zasady-ochrany-osobnych-udajov","status":"publish","type":"page","link":"https:\/\/medicalzakopane.pl\/sk\/zasady-ochrany-osobnych-udajov\/","title":{"rendered":"Z\u00e1sady ochrany osobn\u00fdch \u00fadajov"},"content":{"rendered":"<p><strong>1. V\u0161eobecn\u00e9 inform\u00e1cie<\/strong><\/p>\n<ol>\n<li>Tieto z\u00e1sady sa vz\u0165ahuj\u00fa na webov\u00fa str\u00e1nku funguj\u00facu na adrese url: https:\/\/medicalzakopane.pl\/sk\/<\/li>\n<li>Prev\u00e1dzkovate\u013eom webov\u00fdch str\u00e1nok a spr\u00e1vcom osobn\u00fdch \u00fadajov je: Medical Art Clinic Podhale, ul. Chramc\u00f3wki 7, 34-500 Zakopane<\/li>\n<li>E-mailov\u00e1 kontaktn\u00e1 adresa prev\u00e1dzkovate\u013ea: kontakt@medicalzakopane.pl<\/li>\n<li>Prev\u00e1dzkovate\u013e je spr\u00e1vcom va\u0161ich osobn\u00fdch \u00fadajov vo vz\u0165ahu k \u00fadajom poskytnut\u00fdm dobrovo\u013ene na webov\u00fdch str\u00e1nkach.<\/li>\n<li>Webov\u00e9 str\u00e1nky pou\u017e\u00edvaj\u00fa osobn\u00e9 \u00fadaje na nasleduj\u00face \u00fa\u010dely:\n<ul>\n<li>Vedenie newslettera<\/li>\n<li>Vybavovanie ot\u00e1zok prostredn\u00edctvom formul\u00e1ra<\/li>\n<\/ul>\n<\/li>\n<li>Webov\u00e1 str\u00e1nka z\u00edskava inform\u00e1cie o pou\u017e\u00edvate\u013eoch a ich spr\u00e1van\u00ed nasleduj\u00facim sp\u00f4sobom:\n<ol>\n<li>Prostredn\u00edctvom \u00fadajov zadan\u00fdch dobrovo\u013ene vo formul\u00e1roch, ktor\u00e9 sa zad\u00e1vaj\u00fa do syst\u00e9mov Prev\u00e1dzkovate\u013ea.<\/li>\n<li>Ulo\u017een\u00edm s\u00faborov cookies v koncovom zariaden\u00ed.<\/li>\n<\/ol>\n<\/li>\n<\/ol>\n<p><strong>2. Vybran\u00e9 sp\u00f4soby ochrany \u00fadajov pou\u017e\u00edvan\u00e9 Prev\u00e1dzkovate\u013eom<\/strong><\/p>\n<ol>\n<li>Miesta prihlasovania a zad\u00e1vania osobn\u00fdch \u00fadajov s\u00fa chr\u00e1nen\u00e9 v prenosovej vrstve (SSL certifik\u00e1t). V\u00fdsledkom je, \u017ee osobn\u00e9 \u00fadaje a prihlasovacie \u00fadaje zadan\u00e9 na webovej str\u00e1nke s\u00fa \u0161ifrovan\u00e9 v po\u010d\u00edta\u010di pou\u017e\u00edvate\u013ea a daj\u00fa sa pre\u010d\u00edta\u0165 iba na cie\u013eovom serveri.<\/li>\n<li>Prev\u00e1dzkovate\u013e pravidelne men\u00ed svoje administrat\u00edvne hesl\u00e1.<\/li>\n<li>D\u00f4le\u017eit\u00fdm prvkom ochrany \u00fadajov je pravideln\u00e1 aktualiz\u00e1cia softv\u00e9ru, ktor\u00fd Prev\u00e1dzkovate\u013e pou\u017e\u00edva na sprac\u00favanie osobn\u00fdch \u00fadajov, \u010do znamen\u00e1 najm\u00e4 pravideln\u00fa aktualiz\u00e1ciu programovac\u00edch komponentov.<\/li>\n<\/ol>\n<p><strong>3. Hosting<\/strong><\/p>\n<ol>\n<li>Webov\u00e9 str\u00e1nky s\u00fa hosten\u00e9 (technicky udr\u017eiavan\u00e9) na serveri prev\u00e1dzkovate\u013ea: linuxpl.com<\/li>\n<li>Registra\u010dn\u00e9 \u00fadaje hostite\u013eskej spolo\u010dnosti: H88 S.A. so s\u00eddlom v Poznani, Franklin Roosevelta 22, 60-829 Pozna\u0148, zap\u00edsanej do N\u00e1rodn\u00e9ho s\u00fadneho registra veden\u00e9ho Okresn\u00fdm s\u00fadom v Poznani \u2013 Nowe Miasto a Wilda v Poznani, 8. obchodn\u00e9 oddelenie N\u00e1rodn\u00e9ho s\u00fadneho registra pod \u010d\u00edslom KRS 0000612359, REGON 364261632, NIP 7822622168, z\u00e1kladn\u00e9 imanie 210 000,00 PLN v plnej v\u00fd\u0161ke zaplaten\u00e9.<\/li>\n<li>Na https:\/\/linuxpl.com sa m\u00f4\u017eete dozvedie\u0165 viac o hostovan\u00ed a skontrolova\u0165 pravidl\u00e1 ochrany s\u00fakromia hostite\u013eskej spolo\u010dnosti.<\/li>\n<li>Hostite\u013esk\u00e1 spolo\u010dnos\u0165:\n<ul>\n<li>uplat\u0148uje opatrenia na ochranu pred stratou \u00fadajov (napr. diskov\u00e9 polia, pravideln\u00e9 z\u00e1lohy),<\/li>\n<li>pou\u017e\u00edva primeran\u00e9 opatrenia na ochranu miest spracovania v pr\u00edpade po\u017eiaru (napr. \u0161peci\u00e1lne protipo\u017eiarne syst\u00e9my),<\/li>\n<li>pou\u017e\u00edva adekv\u00e1tne opatrenia na ochranu syst\u00e9mov spracovania v pr\u00edpade n\u00e1hlej hav\u00e1rie nap\u00e1jania (napr. dvojit\u00e9 elektrick\u00e9 vedenie, agreg\u00e1ty, syst\u00e9my podpory nap\u00e4tia UPS),<\/li>\n<li>uplat\u0148uje prostriedky fyzickej ochrany pr\u00edstupu na str\u00e1nky na spracovanie \u00fadajov (napr. kontrola pr\u00edstupu, monitorovanie),<\/li>\n<li>uplat\u0148uje opatrenia na zabezpe\u010denie vhodn\u00fdch podmienok prostredia pre servery ako prvky syst\u00e9mu na spracovanie \u00fadajov (napr. kontrola podmienok prostredia, \u0161peci\u00e1lne klimatiza\u010dn\u00e9 syst\u00e9my),<\/li>\n<li>vyu\u017e\u00edva organiza\u010dn\u00e9 rie\u0161enia na zabezpe\u010denie najvy\u0161\u0161ej mo\u017enej \u00farovne ochrany a d\u00f4vernosti (\u0161kolenie, intern\u00e9 predpisy, z\u00e1sady t\u00fdkaj\u00face sa hesiel at\u010f.),<\/li>\n<li>vymenovanie in\u0161pekt\u00f3ra na ochranu osobn\u00fdch \u00fadajov.<\/li>\n<\/ul>\n<\/li>\n<li>Hostite\u013esk\u00e1 spolo\u010dnos\u0165 uchov\u00e1va protokoly na \u00farovni servera, aby zaistila technick\u00fa spo\u013eahlivos\u0165. M\u00f4\u017eu sa ulo\u017ei\u0165 nasleduj\u00face polo\u017eky:\n<ul>\n<li>zdroje definovan\u00e9 identifik\u00e1torom URL (adresy po\u017eadovan\u00fdch zdrojov \u2013 str\u00e1nky, s\u00fabory),<\/li>\n<li>\u010das prijatia \u017eiadosti,<\/li>\n<li>\u010das zaslania odpovede,<\/li>\n<li>n\u00e1zov stanice klienta \u2013 identifik\u00e1cia vykonan\u00e1 protokolom HTTP,<\/li>\n<li>inform\u00e1cie o chyb\u00e1ch, ktor\u00e9 sa vyskytli po\u010das implement\u00e1cie transakcie HTTP,<\/li>\n<li>URL adresa str\u00e1nky, ktor\u00fa predt\u00fdm nav\u0161t\u00edvil pou\u017e\u00edvate\u013e (odkaz sprostredkovate\u013ea) \u2013 v pr\u00edpade, \u017ee sa na webov\u00fa str\u00e1nku dostal odkaz,<\/li>\n<li>inform\u00e1cie o prehliada\u010di pou\u017e\u00edvate\u013ea,<\/li>\n<li>inform\u00e1cie o IP adrese,<\/li>\n<li>diagnostick\u00e9 inform\u00e1cie t\u00fdkaj\u00face sa procesu samoobjedn\u00e1vania slu\u017eieb prostredn\u00edctvom zapisova\u010dov na webovej str\u00e1nke,<\/li>\n<li>inform\u00e1cie z e-mailovej po\u0161ty ur\u010den\u00e9 Prev\u00e1dzkovate\u013eovi a zasielane Prev\u00e1dzkovate\u013eom.<\/li>\n<\/ul>\n<\/li>\n<\/ol>\n<p><strong>4. Va\u0161e pr\u00e1va a \u010fal\u0161ie inform\u00e1cie o tom, ako pou\u017e\u00edva\u0165 \u00fadaje<\/strong><\/p>\n<ol>\n<li>V niektor\u00fdch situ\u00e1ci\u00e1ch m\u00e1 Spr\u00e1vca pr\u00e1vo odovzda\u0165 va\u0161e osobn\u00e9 \u00fadaje \u010fal\u0161\u00edm pr\u00edjemcom, ak je to nevyhnutn\u00e9 na splnenie zmluvy uzavretej s vami alebo na splnenie povinnost\u00ed, ktor\u00e9 uklad\u00e1 spr\u00e1vcovi. To plat\u00ed pre tieto skupiny pr\u00edjemcov:\n<ul>\n<li>oper\u00e1tori koment\u00e1torov\u00fdch syst\u00e9mov<\/li>\n<li>opr\u00e1vnen\u00ed zamestnanci a spolupracovn\u00edci, ktor\u00ed pou\u017e\u00edvaj\u00fa \u00fadaje na dosiahnutie cie\u013eov webovej str\u00e1nky<\/li>\n<\/ul>\n<\/li>\n<li>Va\u0161e osobn\u00e9 \u00fadaje sprac\u00favavan\u00e9 po dobu, ktor\u00e1 je nevyhnutn\u00e1 na vykon\u00e1vanie s\u00favisiacich \u010dinnost\u00ed uveden\u00fdch v osobitn\u00fdch predpisoch (napr. o \u00fa\u010dtovn\u00edctve). Marketingov\u00e9 \u00fadaje sa nebud\u00fa sprac\u00favava\u0165 dlh\u0161ie ako 3 roky.<\/li>\n<li>M\u00e1te pr\u00e1vo po\u017eadova\u0165 od spr\u00e1vcu:\n<ol>\n<li>na pr\u00edstup k va\u0161im osobn\u00fdm \u00fadajom,<\/li>\n<li>ich opravu,<\/li>\n<li>vymazanie,<\/li>\n<li>obmedzenie sprac\u00favania,<\/li>\n<\/ol>\n<\/li>\n<li>M\u00e1te pr\u00e1vo namieta\u0165 proti spracovaniu uveden\u00e9mu v bode 3.3 p\u00edsm. c) na spracovanie osobn\u00fdch \u00fadajov za \u00fa\u010delom vykon\u00e1vania opr\u00e1vnen\u00fdch z\u00e1ujmov sledovan\u00fdch spr\u00e1vcom vr\u00e1tane profilovania, pri\u010dom pr\u00e1vo namieta\u0165 nemus\u00ed by\u0165 uplatnen\u00e9, ak existuj\u00fa opr\u00e1vnen\u00e9 d\u00f4vody na sprac\u00favanie, nadriaden\u00fdch z\u00e1ujmov, pr\u00e1v a slobody, najm\u00e4 ur\u010denie, uplat\u0148ovanie alebo obhajoba n\u00e1rokov.<\/li>\n<li>M\u00e1te pr\u00e1vo namieta\u0165 proti neopr\u00e1vnen\u00e9mu konaniu spr\u00e1vcu prostredn\u00edctvom \u00daradu na ochranu osobn\u00fdch \u00fadajov, ul. Stawki 2, 00-193 Var\u0161ava.<\/li>\n<li>Poskytovanie osobn\u00fdch \u00fadajov je dobrovo\u013en\u00e9, je v\u0161ak nevyhnutn\u00e9 pre prev\u00e1dzku webov\u00fdch str\u00e1nok.<\/li>\n<li>Vo vz\u0165ahu k v\u00e1m m\u00f4\u017eu by\u0165 podniknut\u00e9 kroky spo\u010d\u00edvaj\u00face v automatizovanom rozhodovan\u00ed vr\u00e1tane profilovania za \u00fa\u010delom poskytovania slu\u017eieb na z\u00e1klade uzatvorenej zmluvy a za \u00fa\u010delom vykonania priameho marketingu spr\u00e1vcom.<\/li>\n<li>Osobn\u00e9 \u00fadaje sa nepren\u00e1\u0161aj\u00fa z tret\u00edch kraj\u00edn v zmysle ustanoven\u00ed o ochrane osobn\u00fdch \u00fadajov. To znamen\u00e1, \u017ee ich neposielame mimo Eur\u00f3pskej \u00fanie.<\/li>\n<\/ol>\n<p><strong>5. Inform\u00e1cie vo formul\u00e1roch<\/strong><\/p>\n<ol>\n<li>Webov\u00e1 str\u00e1nka zhroma\u017e\u010fuje inform\u00e1cie poskytnut\u00e9 dobrovo\u013ene pou\u017e\u00edvate\u013eom, vr\u00e1tane osobn\u00fdch \u00fadajov, ak s\u00fa poskytnut\u00e9.<\/li>\n<li>Webov\u00e9 str\u00e1nky m\u00f4\u017eu uklada\u0165 inform\u00e1cie o parametroch pripojenia (\u010dasov\u00e1 pe\u010diatka, IP adresa).<\/li>\n<li>Webov\u00e1 str\u00e1nka m\u00f4\u017ee v niektor\u00fdch pr\u00edpadoch uklada\u0165 inform\u00e1cie u\u013eah\u010duj\u00face prepojenie \u00fadajov vo formul\u00e1ri s e-mailovou adresou pou\u017e\u00edvate\u013ea, ktor\u00fd formul\u00e1r vyplnil. V takom pr\u00edpade sa e-mailov\u00e1 adresa pou\u017e\u00edvate\u013ea zobraz\u00ed vo vn\u00fatri adresy URL str\u00e1nky, ktor\u00e1 obsahuje formul\u00e1r.<\/li>\n<li>\u00dadaje poskytnut\u00e9 vo formul\u00e1ri sa sprac\u00favaj\u00fa na \u00fa\u010dely vypl\u00fdvaj\u00face z funkcie konkr\u00e9tneho formul\u00e1ra, napr. na spracovanie \u017eiadosti o slu\u017ebu alebo komer\u010dn\u00fd kontakt, registr\u00e1cie slu\u017eby at\u010f. Zaka\u017ed\u00fdm kontext a popis formul\u00e1ra jasne informuje o \u00fa\u010deloch.<\/li>\n<\/ol>\n<p><strong>6. Prihl\u00e1senie administr\u00e1tora<\/strong><\/p>\n<ol>\n<li>Inform\u00e1cie o uchovan\u00ed pou\u017e\u00edvate\u013eov na webov\u00fdch str\u00e1nkach m\u00f4\u017eu by\u0165 predmetom prihl\u00e1senia. Tieto \u00fadaje sa pou\u017e\u00edvaj\u00fa za \u00fa\u010delom administr\u00e1cie webu.<\/li>\n<\/ol>\n<p><strong>7. D\u00f4le\u017eit\u00e9 marketingov\u00e9 techniky<\/strong><\/p>\n<ol>\n<li>Prev\u00e1dzkovate\u013e pou\u017e\u00edva \u0161tatistick\u00fa anal\u00fdzu prenosu na webe prostredn\u00edctvom slu\u017eby Google Analytics (Google Inc. so s\u00eddlom v USA). Prev\u00e1dzkovate\u013e neposkytuje prev\u00e1dzkovate\u013eovi tejto slu\u017eby osobn\u00e9 \u00fadaje, ale iba anonymizovan\u00e9 inform\u00e1cie. Obsluha spo\u010d\u00edva na pou\u017eit\u00ed s\u00faborov cookie na koncovom zariaden\u00ed pou\u017e\u00edvate\u013ea. Pokia\u013e ide o inform\u00e1cie o preferenci\u00e1ch pou\u017e\u00edvate\u013ea zhroma\u017eden\u00e9 reklamnou sie\u0165ou Google, m\u00f4\u017ee pou\u017e\u00edvate\u013e zobrazi\u0165 a upravi\u0165 inform\u00e1cie odvoden\u00e9 od s\u00faborov cookie pomocou n\u00e1stroja: https:\/\/www.google.com\/ads\/preferences\/<\/li>\n<\/ol>\n<p><strong>8. Inform\u00e1cie o cookies<\/strong><\/p>\n<ol>\n<li>Server pou\u017e\u00edva cookies.<\/li>\n<li>S\u00fabory cookie (tzv. \u201eCookies\u201c) s\u00fa \u00fadaje IT, najm\u00e4 textov\u00e9 s\u00fabory, ktor\u00e9 s\u00fa ulo\u017een\u00e9 v koncovom zariaden\u00ed pou\u017e\u00edvate\u013ea webov\u00fdch str\u00e1nok a s\u00fa ur\u010den\u00e9 na pou\u017e\u00edvanie web str\u00e1nok. S\u00fabory cookie zvy\u010dajne obsahuj\u00fa n\u00e1zov webovej str\u00e1nky, z ktorej poch\u00e1dzaj\u00fa, \u010das ukladania do koncov\u00e9ho zariadenia a jedine\u010dn\u00e9 \u010d\u00edslo.<\/li>\n<li>Subjekt umiest\u0148uj\u00faci cookies na koncovom zariaden\u00ed pou\u017e\u00edvate\u013ea webov\u00fdch str\u00e1nok a pristupuj\u00faci k nim je prev\u00e1dzkovate\u013eom webov\u00fdch str\u00e1nok.<\/li>\n<li>S\u00fabory cookie sa pou\u017e\u00edvaj\u00fa na nasleduj\u00face \u00fa\u010dely:\n<ul>\n<li>\u00fadr\u017eba rel\u00e1cie pou\u017e\u00edvate\u013ea Webovej str\u00e1nky (po prihl\u00e1sen\u00ed), v\u010faka ktorej u\u017e\u00edvate\u013e nemus\u00ed znovu zad\u00e1va\u0165 prihlasovacie meno a heslo na ka\u017edej podstr\u00e1nke Webovej str\u00e1nky;<\/li>\n<li>dosiahnutie cie\u013eov stanoven\u00fdch vy\u0161\u0161ie v \u010dasti \u201eD\u00f4le\u017eit\u00e9 marketingov\u00e9 techniky\u201c;<\/li>\n<\/ul>\n<\/li>\n<li>Webov\u00e9 str\u00e1nky pou\u017e\u00edvaj\u00fa dva z\u00e1kladn\u00e9 typy cookies: session cookies a persistent cookies. S\u00fabory cookie rel\u00e1cie s\u00fa do\u010dasn\u00e9 s\u00fabory, ktor\u00e9 sa ukladaj\u00fa na koncovom zariaden\u00ed pou\u017e\u00edvate\u013ea a\u017e do odhl\u00e1senia, opustenia webov\u00fdch str\u00e1nok alebo do vypnutia softv\u00e9ru (webov\u00e9ho prehliada\u010da). Trval\u00e9 s\u00fabory cookie sa ukladaj\u00fa na koncovom zariaden\u00ed Pou\u017e\u00edvate\u013ea po dobu uveden\u00fa v parametroch s\u00faboru cookie alebo dovtedy, k\u00fdm ich Pou\u017e\u00edvate\u013e nevyma\u017ee.<\/li>\n<li>Softv\u00e9r na prezeranie webov\u00fdch str\u00e1nok (webov\u00fd prehliada\u010d) zvy\u010dajne \u0161tandardne umo\u017e\u0148uje ukladanie s\u00faborov cookie do koncov\u00e9ho zariadenia Pou\u017e\u00edvate\u013ea.<br \/>\nPou\u017e\u00edvatelia webov\u00fdch str\u00e1nok m\u00f4\u017eu v tejto s\u00favislosti zmeni\u0165 nastavenia. Webov\u00fd prehliada\u010d umo\u017e\u0148uje maza\u0165 cookies. Tie\u017e je mo\u017en\u00e9 automaticky blokova\u0165 cookies. Podrobn\u00e9 inform\u00e1cie o tejto t\u00e9me n\u00e1jdete v pomocn\u00edkovi alebo dokument\u00e1cii webov\u00e9ho prehliada\u010da.<\/li>\n<li>Obmedzenia pou\u017e\u00edvania s\u00faborov cookie m\u00f4\u017eu ma\u0165 vplyv na niektor\u00e9 funkcie dostupn\u00e9 na str\u00e1nkach webov\u00fdch str\u00e1nok.<\/li>\n<li>S\u00fabory cookie umiestnen\u00e9 na koncovom zariaden\u00ed pou\u017e\u00edvate\u013ea webov\u00fdch str\u00e1nok m\u00f4\u017eu pou\u017e\u00edva\u0165 aj subjekty spolupracuj\u00face s prev\u00e1dzkovate\u013eom webov\u00fdch str\u00e1nok, najm\u00e4 spolo\u010dnosti: Google (Google Inc. so s\u00eddlom v USA), Facebook (Facebook Inc. so s\u00eddlom v USA), Twitter (Twitter Inc. so s\u00eddlom v USA).<\/li>\n<\/ol>\n<p><strong>9. Ako spravova\u0165 s\u00fabory cookies \u2013 praktick\u00e9 z\u00e1le\u017eitosti.<\/strong><\/p>\n<ol>\n<li>Ak si pou\u017e\u00edvate\u013e ne\u017eel\u00e1 dost\u00e1va\u0165 cookies, m\u00f4\u017ee zmeni\u0165 prehliada\u010d. Ak odstr\u00e1nite s\u00fabory cookies potrebn\u00e9 na autentifika\u010dn\u00e9 procesy, bezpe\u010dnos\u0165, udr\u017eiavanie preferenci\u00ed pou\u017e\u00edvate\u013ea, syst\u00e9m v\u00e1s odhl\u00e1si zo v\u0161etk\u00fdch webov a ulo\u017een\u00e9 predvo\u013eby m\u00f4\u017eu by\u0165 odstr\u00e1nen\u00e9.<\/li>\n<li>Ak chcete spravova\u0165 s\u00fabory cookie, vyberte webov\u00fd prehliada\u010d, ktor\u00fd pou\u017e\u00edvate, z ni\u017e\u0161ie uveden\u00e9ho zoznamu a postupujte pod\u013ea pokynov:\n<ul>\n<li><a href=\"https:\/\/support.microsoft.com\/pl-pl\/help\/10607\/microsoft-edge-view-delete-browser-history\" target=\"_blank\" rel=\"noopener noreferrer\">Edge<\/a><\/li>\n<li><a href=\"https:\/\/support.microsoft.com\/pl-pl\/help\/278835\/how-to-delete-cookie-files-in-internet-explorer\" target=\"_blank\" rel=\"noopener noreferrer\">Internet Explorer<\/a><\/li>\n<li><a href=\"http:\/\/support.google.com\/chrome\/bin\/answer.py?hl=pl&amp;answer=95647\" target=\"_blank\" rel=\"noopener noreferrer\">Chrome<\/a><\/li>\n<li><a href=\"http:\/\/support.apple.com\/kb\/PH5042\" target=\"_blank\" rel=\"noopener noreferrer\">Safari<\/a><\/li>\n<li><a href=\"http:\/\/support.mozilla.org\/pl\/kb\/W%C5%82%C4%85czanie%20i%20wy%C5%82%C4%85czanie%20obs%C5%82ugi%20ciasteczek\" target=\"_blank\" rel=\"noopener noreferrer\">Firefox<\/a><\/li>\n<li><a href=\"http:\/\/help.opera.com\/Windows\/12.10\/pl\/cookies.html\" target=\"_blank\" rel=\"noopener noreferrer\">Opera<\/a><\/li>\n<\/ul>\n<\/li>\n<\/ol>\n<ul>\n<li>Mobiln\u00e9 zariadenia:\n<ul>\n<li><a href=\"http:\/\/support.google.com\/chrome\/bin\/answer.py?hl=pl&amp;answer=95647\" target=\"_blank\" rel=\"noopener noreferrer\">Android<\/a><\/li>\n<li><a href=\"http:\/\/support.apple.com\/kb\/HT1677?viewlocale=pl_PL\" target=\"_blank\" rel=\"noopener noreferrer\">Safari (iOS)<\/a><\/li>\n<li><a href=\"http:\/\/www.windowsphone.com\/pl-pl\/how-to\/wp7\/web\/changing-privacy-and-other-browser-settings\" target=\"_blank\" rel=\"noopener noreferrer\">Windows Phone<\/a><\/li>\n<\/ul>\n<\/li>\n<\/ul>\n","protected":false},"excerpt":{"rendered":"<p>1. V\u0161eobecn\u00e9 inform\u00e1cie Tieto z\u00e1sady sa vz\u0165ahuj\u00fa na webov\u00fa str\u00e1nku funguj\u00facu na adrese url: https:\/\/medicalzakopane.pl\/sk\/ Prev\u00e1dzkovate\u013eom webov\u00fdch str\u00e1nok a spr\u00e1vcom osobn\u00fdch \u00fadajov je: Medical Art Clinic Podhale, ul. Chramc\u00f3wki 7, 34-500 Zakopane E-mailov\u00e1 kontaktn\u00e1 adresa prev\u00e1dzkovate\u013ea: kontakt@medicalzakopane.pl Prev\u00e1dzkovate\u013e je spr\u00e1vcom va\u0161ich osobn\u00fdch \u00fadajov vo vz\u0165ahu k \u00fadajom poskytnut\u00fdm dobrovo\u013ene na webov\u00fdch str\u00e1nkach. Webov\u00e9 str\u00e1nky pou\u017e\u00edvaj\u00fa <a href=\"https:\/\/medicalzakopane.pl\/sk\/zasady-ochrany-osobnych-udajov\/\" class=\"more-link\">&#8230;<span class=\"screen-reader-text\">  Z\u00e1sady ochrany osobn\u00fdch \u00fadajov<\/span><\/a><\/p>\n","protected":false},"author":2,"featured_media":0,"parent":0,"menu_order":0,"comment_status":"closed","ping_status":"open","template":"","meta":{"footnotes":""},"class_list":["post-7033","page","type-page","status-publish","hentry"],"acf":[],"yoast_head":"<!-- This site is optimized with the Yoast SEO plugin v25.0 - https:\/\/yoast.com\/wordpress\/plugins\/seo\/ -->\n<title>Z\u00e1sady ochrany osobn\u00fdch \u00fadajov - Medical Clinic Podhale Art - Zakopane - Nowy Targ<\/title>\n<meta name=\"robots\" content=\"noindex, follow\" \/>\n<meta property=\"og:locale\" content=\"sk_SK\" \/>\n<meta property=\"og:type\" content=\"article\" \/>\n<meta property=\"og:title\" content=\"Z\u00e1sady ochrany osobn\u00fdch \u00fadajov - Medical Clinic Podhale Art - Zakopane - Nowy Targ\" \/>\n<meta property=\"og:description\" content=\"1. V\u0161eobecn\u00e9 inform\u00e1cie Tieto z\u00e1sady sa vz\u0165ahuj\u00fa na webov\u00fa str\u00e1nku funguj\u00facu na adrese url: https:\/\/medicalzakopane.pl\/sk\/ Prev\u00e1dzkovate\u013eom webov\u00fdch str\u00e1nok a spr\u00e1vcom osobn\u00fdch \u00fadajov je: Medical Art Clinic Podhale, ul. Chramc\u00f3wki 7, 34-500 Zakopane E-mailov\u00e1 kontaktn\u00e1 adresa prev\u00e1dzkovate\u013ea: kontakt@medicalzakopane.pl Prev\u00e1dzkovate\u013e je spr\u00e1vcom va\u0161ich osobn\u00fdch \u00fadajov vo vz\u0165ahu k \u00fadajom poskytnut\u00fdm dobrovo\u013ene na webov\u00fdch str\u00e1nkach. Webov\u00e9 str\u00e1nky pou\u017e\u00edvaj\u00fa ... Z\u00e1sady ochrany osobn\u00fdch \u00fadajov\" \/>\n<meta property=\"og:url\" content=\"https:\/\/medicalzakopane.pl\/sk\/zasady-ochrany-osobnych-udajov\/\" \/>\n<meta property=\"og:site_name\" content=\"Medical Clinic Podhale Art - Zakopane - Nowy Targ\" \/>\n<meta property=\"article:modified_time\" content=\"2023-04-28T00:47:30+00:00\" \/>\n<meta name=\"twitter:card\" content=\"summary_large_image\" \/>\n<meta name=\"twitter:label1\" content=\"Predpokladan\u00fd \u010das \u010d\u00edtania\" \/>\n\t<meta name=\"twitter:data1\" content=\"7 min\u00fat\" \/>\n<!-- \/ Yoast SEO plugin. -->","yoast_head_json":{"title":"Z\u00e1sady ochrany osobn\u00fdch \u00fadajov - Medical Clinic Podhale Art - Zakopane - Nowy Targ","robots":{"index":"noindex","follow":"follow"},"og_locale":"sk_SK","og_type":"article","og_title":"Z\u00e1sady ochrany osobn\u00fdch \u00fadajov - Medical Clinic Podhale Art - Zakopane - Nowy Targ","og_description":"1. V\u0161eobecn\u00e9 inform\u00e1cie Tieto z\u00e1sady sa vz\u0165ahuj\u00fa na webov\u00fa str\u00e1nku funguj\u00facu na adrese url: https:\/\/medicalzakopane.pl\/sk\/ Prev\u00e1dzkovate\u013eom webov\u00fdch str\u00e1nok a spr\u00e1vcom osobn\u00fdch \u00fadajov je: Medical Art Clinic Podhale, ul. Chramc\u00f3wki 7, 34-500 Zakopane E-mailov\u00e1 kontaktn\u00e1 adresa prev\u00e1dzkovate\u013ea: kontakt@medicalzakopane.pl Prev\u00e1dzkovate\u013e je spr\u00e1vcom va\u0161ich osobn\u00fdch \u00fadajov vo vz\u0165ahu k \u00fadajom poskytnut\u00fdm dobrovo\u013ene na webov\u00fdch str\u00e1nkach. Webov\u00e9 str\u00e1nky pou\u017e\u00edvaj\u00fa ... Z\u00e1sady ochrany osobn\u00fdch \u00fadajov","og_url":"https:\/\/medicalzakopane.pl\/sk\/zasady-ochrany-osobnych-udajov\/","og_site_name":"Medical Clinic Podhale Art - Zakopane - Nowy Targ","article_modified_time":"2023-04-28T00:47:30+00:00","twitter_card":"summary_large_image","twitter_misc":{"Predpokladan\u00fd \u010das \u010d\u00edtania":"7 min\u00fat"},"schema":{"@context":"https:\/\/schema.org","@graph":[{"@type":"WebPage","@id":"https:\/\/medicalzakopane.pl\/sk\/zasady-ochrany-osobnych-udajov\/","url":"https:\/\/medicalzakopane.pl\/sk\/zasady-ochrany-osobnych-udajov\/","name":"Z\u00e1sady ochrany osobn\u00fdch \u00fadajov - Medical Clinic Podhale Art - Zakopane - Nowy Targ","isPartOf":{"@id":"https:\/\/medicalzakopane.pl\/sk\/#website"},"datePublished":"2019-02-19T11:29:02+00:00","dateModified":"2023-04-28T00:47:30+00:00","breadcrumb":{"@id":"https:\/\/medicalzakopane.pl\/sk\/zasady-ochrany-osobnych-udajov\/#breadcrumb"},"inLanguage":"sk-SK","potentialAction":[{"@type":"ReadAction","target":["https:\/\/medicalzakopane.pl\/sk\/zasady-ochrany-osobnych-udajov\/"]}]},{"@type":"BreadcrumbList","@id":"https:\/\/medicalzakopane.pl\/sk\/zasady-ochrany-osobnych-udajov\/#breadcrumb","itemListElement":[{"@type":"ListItem","position":1,"name":"Home","item":"https:\/\/medicalzakopane.pl\/sk\/"},{"@type":"ListItem","position":2,"name":"Z\u00e1sady ochrany osobn\u00fdch \u00fadajov"}]},{"@type":"WebSite","@id":"https:\/\/medicalzakopane.pl\/sk\/#website","url":"https:\/\/medicalzakopane.pl\/sk\/","name":"Medical Clinic Podhale Art - Zakopane - Nowy Targ","description":"Medical Clinic Podhale Art je s\u00fakromn\u00e1 \u0161pecializovan\u00e1 klinika zalo\u017een\u00e1 v roku 2021, ktor\u00e1 svojim pacientom pon\u00faka komplexn\u00fa lek\u00e1rsku starostlivos\u0165 v mnoh\u00fdch oblastiach medic\u00edny.","potentialAction":[{"@type":"SearchAction","target":{"@type":"EntryPoint","urlTemplate":"https:\/\/medicalzakopane.pl\/sk\/?s={search_term_string}"},"query-input":{"@type":"PropertyValueSpecification","valueRequired":true,"valueName":"search_term_string"}}],"inLanguage":"sk-SK"}]}},"_links":{"self":[{"href":"https:\/\/medicalzakopane.pl\/sk\/wp-json\/wp\/v2\/pages\/7033","targetHints":{"allow":["GET"]}}],"collection":[{"href":"https:\/\/medicalzakopane.pl\/sk\/wp-json\/wp\/v2\/pages"}],"about":[{"href":"https:\/\/medicalzakopane.pl\/sk\/wp-json\/wp\/v2\/types\/page"}],"author":[{"embeddable":true,"href":"https:\/\/medicalzakopane.pl\/sk\/wp-json\/wp\/v2\/users\/2"}],"replies":[{"embeddable":true,"href":"https:\/\/medicalzakopane.pl\/sk\/wp-json\/wp\/v2\/comments?post=7033"}],"version-history":[{"count":2,"href":"https:\/\/medicalzakopane.pl\/sk\/wp-json\/wp\/v2\/pages\/7033\/revisions"}],"predecessor-version":[{"id":7903,"href":"https:\/\/medicalzakopane.pl\/sk\/wp-json\/wp\/v2\/pages\/7033\/revisions\/7903"}],"wp:attachment":[{"href":"https:\/\/medicalzakopane.pl\/sk\/wp-json\/wp\/v2\/media?parent=7033"}],"curies":[{"name":"wp","href":"https:\/\/api.w.org\/{rel}","templated":true}]}}