{"id":6611,"date":"2022-12-02T13:14:53","date_gmt":"2022-12-02T12:14:53","guid":{"rendered":"https:\/\/medicalzakopane.pl\/en\/?page_id=6611"},"modified":"2023-09-11T11:54:49","modified_gmt":"2023-09-11T09:54:49","slug":"stomatologia","status":"publish","type":"page","link":"https:\/\/medicalzakopane.pl\/sk\/stomatologia\/","title":{"rendered":"Stomatol\u00f3gia"},"content":{"rendered":"<p>Pon\u00fakame \u0161irok\u00fa \u0161k\u00e1lu konzervat\u00edvnych stomatologick\u00fdch o\u0161etren\u00ed s vyu\u017eit\u00edm modern\u00e9ho vybavenia. Klinika pon\u00faka \u0161pecializovan\u00e9 o\u0161etrenia na zav\u00e1dzanie high-tech implant\u00e1tov pre \u013eud\u00ed, ktor\u00ed stratili vlastn\u00e9 zuby. Okrem toho vykon\u00e1vame cel\u00fd rad z\u00e1krokov na zlep\u0161enie vzh\u013eadu zubov vr\u00e1tane prekryt\u00e9ho bielenia a pomocou modern\u00fdch fixn\u00fdch a sn\u00edmate\u013en\u00fdch rovn\u00e1tok lie\u010dime nespr\u00e1vny chrup u det\u00ed aj dospel\u00fdch. V Medical Clinic Podhale Art zhotovujeme najmodernej\u0161ie protetick\u00e9 n\u00e1hrady: presn\u00e9 r\u00e1mov\u00e9 zubn\u00e9 n\u00e1hrady, korunky, most\u00edky. Na\u0161i \u0161pecialisti o\u0161etruj\u00fa zuby najmlad\u0161\u00edch pacientov. Na po\u017eiadanie m\u00f4\u017eeme v\u0161etky stomatologick\u00e9 z\u00e1kroky u dospel\u00fdch aj det\u00ed vykona\u0165 v celkovej anest\u00e9zii.<\/p>\n","protected":false},"excerpt":{"rendered":"<p>Pon\u00fakame \u0161irok\u00fa \u0161k\u00e1lu konzervat\u00edvnych stomatologick\u00fdch o\u0161etren\u00ed s vyu\u017eit\u00edm modern\u00e9ho vybavenia. Klinika pon\u00faka \u0161pecializovan\u00e9 o\u0161etrenia na zav\u00e1dzanie high-tech implant\u00e1tov pre \u013eud\u00ed, ktor\u00ed stratili vlastn\u00e9 zuby. Okrem toho vykon\u00e1vame cel\u00fd rad z\u00e1krokov na zlep\u0161enie vzh\u013eadu zubov vr\u00e1tane prekryt\u00e9ho bielenia a pomocou modern\u00fdch fixn\u00fdch a sn\u00edmate\u013en\u00fdch rovn\u00e1tok lie\u010dime nespr\u00e1vny chrup u det\u00ed aj dospel\u00fdch. V Medical Clinic Podhale <a href=\"https:\/\/medicalzakopane.pl\/sk\/stomatologia\/\" class=\"more-link\">&#8230;<span class=\"screen-reader-text\">  Stomatol\u00f3gia<\/span><\/a><\/p>\n","protected":false},"author":2,"featured_media":0,"parent":0,"menu_order":0,"comment_status":"closed","ping_status":"closed","template":"page-specjalizacja.php","meta":{"footnotes":""},"class_list":["post-6611","page","type-page","status-publish","hentry"],"acf":[],"yoast_head":"<!-- This site is optimized with the Yoast SEO plugin v25.0 - https:\/\/yoast.com\/wordpress\/plugins\/seo\/ -->\n<title>Stomatol\u00f3gia - Medical Clinic Podhale Art - Zakopane - Nowy Targ<\/title>\n<meta name=\"robots\" content=\"index, follow, max-snippet:-1, max-image-preview:large, max-video-preview:-1\" \/>\n<link rel=\"canonical\" href=\"https:\/\/medicalzakopane.pl\/sk\/stomatologia\/\" \/>\n<meta property=\"og:locale\" content=\"sk_SK\" \/>\n<meta property=\"og:type\" content=\"article\" \/>\n<meta property=\"og:title\" content=\"Stomatol\u00f3gia - Medical Clinic Podhale Art - Zakopane - Nowy Targ\" \/>\n<meta property=\"og:description\" content=\"Pon\u00fakame \u0161irok\u00fa \u0161k\u00e1lu konzervat\u00edvnych stomatologick\u00fdch o\u0161etren\u00ed s vyu\u017eit\u00edm modern\u00e9ho vybavenia. Klinika pon\u00faka \u0161pecializovan\u00e9 o\u0161etrenia na zav\u00e1dzanie high-tech implant\u00e1tov pre \u013eud\u00ed, ktor\u00ed stratili vlastn\u00e9 zuby. Okrem toho vykon\u00e1vame cel\u00fd rad z\u00e1krokov na zlep\u0161enie vzh\u013eadu zubov vr\u00e1tane prekryt\u00e9ho bielenia a pomocou modern\u00fdch fixn\u00fdch a sn\u00edmate\u013en\u00fdch rovn\u00e1tok lie\u010dime nespr\u00e1vny chrup u det\u00ed aj dospel\u00fdch. V Medical Clinic Podhale ... Stomatol\u00f3gia\" \/>\n<meta property=\"og:url\" content=\"https:\/\/medicalzakopane.pl\/sk\/stomatologia\/\" \/>\n<meta property=\"og:site_name\" content=\"Medical Clinic Podhale Art - Zakopane - Nowy Targ\" \/>\n<meta property=\"article:modified_time\" content=\"2023-09-11T09:54:49+00:00\" \/>\n<meta name=\"twitter:card\" content=\"summary_large_image\" \/>\n<meta name=\"twitter:label1\" content=\"Predpokladan\u00fd \u010das \u010d\u00edtania\" \/>\n\t<meta name=\"twitter:data1\" content=\"1 min\u00fata\" \/>\n<!-- \/ Yoast SEO plugin. -->","yoast_head_json":{"title":"Stomatol\u00f3gia - Medical Clinic Podhale Art - Zakopane - Nowy Targ","robots":{"index":"index","follow":"follow","max-snippet":"max-snippet:-1","max-image-preview":"max-image-preview:large","max-video-preview":"max-video-preview:-1"},"canonical":"https:\/\/medicalzakopane.pl\/sk\/stomatologia\/","og_locale":"sk_SK","og_type":"article","og_title":"Stomatol\u00f3gia - Medical Clinic Podhale Art - Zakopane - Nowy Targ","og_description":"Pon\u00fakame \u0161irok\u00fa \u0161k\u00e1lu konzervat\u00edvnych stomatologick\u00fdch o\u0161etren\u00ed s vyu\u017eit\u00edm modern\u00e9ho vybavenia. Klinika pon\u00faka \u0161pecializovan\u00e9 o\u0161etrenia na zav\u00e1dzanie high-tech implant\u00e1tov pre \u013eud\u00ed, ktor\u00ed stratili vlastn\u00e9 zuby. Okrem toho vykon\u00e1vame cel\u00fd rad z\u00e1krokov na zlep\u0161enie vzh\u013eadu zubov vr\u00e1tane prekryt\u00e9ho bielenia a pomocou modern\u00fdch fixn\u00fdch a sn\u00edmate\u013en\u00fdch rovn\u00e1tok lie\u010dime nespr\u00e1vny chrup u det\u00ed aj dospel\u00fdch. V Medical Clinic Podhale ... Stomatol\u00f3gia","og_url":"https:\/\/medicalzakopane.pl\/sk\/stomatologia\/","og_site_name":"Medical Clinic Podhale Art - Zakopane - Nowy Targ","article_modified_time":"2023-09-11T09:54:49+00:00","twitter_card":"summary_large_image","twitter_misc":{"Predpokladan\u00fd \u010das \u010d\u00edtania":"1 min\u00fata"},"schema":{"@context":"https:\/\/schema.org","@graph":[{"@type":"WebPage","@id":"https:\/\/medicalzakopane.pl\/sk\/stomatologia\/","url":"https:\/\/medicalzakopane.pl\/sk\/stomatologia\/","name":"Stomatol\u00f3gia - Medical Clinic Podhale Art - Zakopane - Nowy Targ","isPartOf":{"@id":"https:\/\/medicalzakopane.pl\/sk\/#website"},"datePublished":"2022-12-02T12:14:53+00:00","dateModified":"2023-09-11T09:54:49+00:00","breadcrumb":{"@id":"https:\/\/medicalzakopane.pl\/sk\/stomatologia\/#breadcrumb"},"inLanguage":"sk-SK","potentialAction":[{"@type":"ReadAction","target":["https:\/\/medicalzakopane.pl\/sk\/stomatologia\/"]}]},{"@type":"BreadcrumbList","@id":"https:\/\/medicalzakopane.pl\/sk\/stomatologia\/#breadcrumb","itemListElement":[{"@type":"ListItem","position":1,"name":"Home","item":"https:\/\/medicalzakopane.pl\/sk\/"},{"@type":"ListItem","position":2,"name":"Stomatol\u00f3gia"}]},{"@type":"WebSite","@id":"https:\/\/medicalzakopane.pl\/sk\/#website","url":"https:\/\/medicalzakopane.pl\/sk\/","name":"Medical Clinic Podhale Art - Zakopane - Nowy Targ","description":"Medical Clinic Podhale Art je s\u00fakromn\u00e1 \u0161pecializovan\u00e1 klinika zalo\u017een\u00e1 v roku 2021, ktor\u00e1 svojim pacientom pon\u00faka komplexn\u00fa lek\u00e1rsku starostlivos\u0165 v mnoh\u00fdch oblastiach medic\u00edny.","potentialAction":[{"@type":"SearchAction","target":{"@type":"EntryPoint","urlTemplate":"https:\/\/medicalzakopane.pl\/sk\/?s={search_term_string}"},"query-input":{"@type":"PropertyValueSpecification","valueRequired":true,"valueName":"search_term_string"}}],"inLanguage":"sk-SK"}]}},"_links":{"self":[{"href":"https:\/\/medicalzakopane.pl\/sk\/wp-json\/wp\/v2\/pages\/6611","targetHints":{"allow":["GET"]}}],"collection":[{"href":"https:\/\/medicalzakopane.pl\/sk\/wp-json\/wp\/v2\/pages"}],"about":[{"href":"https:\/\/medicalzakopane.pl\/sk\/wp-json\/wp\/v2\/types\/page"}],"author":[{"embeddable":true,"href":"https:\/\/medicalzakopane.pl\/sk\/wp-json\/wp\/v2\/users\/2"}],"replies":[{"embeddable":true,"href":"https:\/\/medicalzakopane.pl\/sk\/wp-json\/wp\/v2\/comments?post=6611"}],"version-history":[{"count":2,"href":"https:\/\/medicalzakopane.pl\/sk\/wp-json\/wp\/v2\/pages\/6611\/revisions"}],"predecessor-version":[{"id":7877,"href":"https:\/\/medicalzakopane.pl\/sk\/wp-json\/wp\/v2\/pages\/6611\/revisions\/7877"}],"wp:attachment":[{"href":"https:\/\/medicalzakopane.pl\/sk\/wp-json\/wp\/v2\/media?parent=6611"}],"curies":[{"name":"wp","href":"https:\/\/api.w.org\/{rel}","templated":true}]}}