{"id":6597,"date":"2022-12-02T13:01:57","date_gmt":"2022-12-02T12:01:57","guid":{"rendered":"https:\/\/medicalzakopane.pl\/en\/?page_id=6597"},"modified":"2023-04-26T14:33:02","modified_gmt":"2023-04-26T12:33:02","slug":"esteticka-medicina","status":"publish","type":"page","link":"https:\/\/medicalzakopane.pl\/sk\/esteticka-medicina\/","title":{"rendered":"Estetick\u00e1 medic\u00edna"},"content":{"rendered":"<p>O\u0161etrenia estetickej medic\u00edny v Zakopanom &#8211; pon\u00fakame \u0161irok\u00fa \u0161k\u00e1lu o\u0161etren\u00ed tv\u00e1re a tela pomocou inovat\u00edvnych postupov. Zaober\u00e1me sa diagnostikou a lie\u010dbou hyperhidr\u00f3zy, ko\u017en\u00fdch ochoren\u00ed r\u00f4znej etiol\u00f3gie, ako aj venerick\u00fdch.<\/p>\n","protected":false},"excerpt":{"rendered":"<p>O\u0161etrenia estetickej medic\u00edny v Zakopanom &#8211; pon\u00fakame \u0161irok\u00fa \u0161k\u00e1lu o\u0161etren\u00ed tv\u00e1re a tela pomocou inovat\u00edvnych postupov. Zaober\u00e1me sa diagnostikou a lie\u010dbou hyperhidr\u00f3zy, ko\u017en\u00fdch ochoren\u00ed r\u00f4znej etiol\u00f3gie, ako aj venerick\u00fdch.<\/p>\n","protected":false},"author":2,"featured_media":0,"parent":0,"menu_order":0,"comment_status":"closed","ping_status":"closed","template":"page-specjalizacja.php","meta":{"footnotes":""},"class_list":["post-6597","page","type-page","status-publish","hentry"],"acf":[],"yoast_head":"<!-- This site is optimized with the Yoast SEO plugin v25.0 - https:\/\/yoast.com\/wordpress\/plugins\/seo\/ -->\n<title>Estetick\u00e1 medic\u00edna - Medical Clinic Podhale Art - Zakopane - Nowy Targ<\/title>\n<meta name=\"robots\" content=\"index, follow, max-snippet:-1, max-image-preview:large, max-video-preview:-1\" \/>\n<link rel=\"canonical\" href=\"https:\/\/medicalzakopane.pl\/sk\/esteticka-medicina\/\" \/>\n<meta property=\"og:locale\" content=\"sk_SK\" \/>\n<meta property=\"og:type\" content=\"article\" \/>\n<meta property=\"og:title\" content=\"Estetick\u00e1 medic\u00edna - Medical Clinic Podhale Art - Zakopane - Nowy Targ\" \/>\n<meta property=\"og:description\" content=\"O\u0161etrenia estetickej medic\u00edny v Zakopanom &#8211; pon\u00fakame \u0161irok\u00fa \u0161k\u00e1lu o\u0161etren\u00ed tv\u00e1re a tela pomocou inovat\u00edvnych postupov. Zaober\u00e1me sa diagnostikou a lie\u010dbou hyperhidr\u00f3zy, ko\u017en\u00fdch ochoren\u00ed r\u00f4znej etiol\u00f3gie, ako aj venerick\u00fdch.\" \/>\n<meta property=\"og:url\" content=\"https:\/\/medicalzakopane.pl\/sk\/esteticka-medicina\/\" \/>\n<meta property=\"og:site_name\" content=\"Medical Clinic Podhale Art - Zakopane - Nowy Targ\" \/>\n<meta property=\"article:modified_time\" content=\"2023-04-26T12:33:02+00:00\" \/>\n<meta name=\"twitter:card\" content=\"summary_large_image\" \/>\n<meta name=\"twitter:label1\" content=\"Predpokladan\u00fd \u010das \u010d\u00edtania\" \/>\n\t<meta name=\"twitter:data1\" content=\"1 min\u00fata\" \/>\n<!-- \/ Yoast SEO plugin. -->","yoast_head_json":{"title":"Estetick\u00e1 medic\u00edna - Medical Clinic Podhale Art - Zakopane - Nowy Targ","robots":{"index":"index","follow":"follow","max-snippet":"max-snippet:-1","max-image-preview":"max-image-preview:large","max-video-preview":"max-video-preview:-1"},"canonical":"https:\/\/medicalzakopane.pl\/sk\/esteticka-medicina\/","og_locale":"sk_SK","og_type":"article","og_title":"Estetick\u00e1 medic\u00edna - Medical Clinic Podhale Art - Zakopane - Nowy Targ","og_description":"O\u0161etrenia estetickej medic\u00edny v Zakopanom &#8211; pon\u00fakame \u0161irok\u00fa \u0161k\u00e1lu o\u0161etren\u00ed tv\u00e1re a tela pomocou inovat\u00edvnych postupov. Zaober\u00e1me sa diagnostikou a lie\u010dbou hyperhidr\u00f3zy, ko\u017en\u00fdch ochoren\u00ed r\u00f4znej etiol\u00f3gie, ako aj venerick\u00fdch.","og_url":"https:\/\/medicalzakopane.pl\/sk\/esteticka-medicina\/","og_site_name":"Medical Clinic Podhale Art - Zakopane - Nowy Targ","article_modified_time":"2023-04-26T12:33:02+00:00","twitter_card":"summary_large_image","twitter_misc":{"Predpokladan\u00fd \u010das \u010d\u00edtania":"1 min\u00fata"},"schema":{"@context":"https:\/\/schema.org","@graph":[{"@type":"WebPage","@id":"https:\/\/medicalzakopane.pl\/sk\/esteticka-medicina\/","url":"https:\/\/medicalzakopane.pl\/sk\/esteticka-medicina\/","name":"Estetick\u00e1 medic\u00edna - Medical Clinic Podhale Art - Zakopane - Nowy Targ","isPartOf":{"@id":"https:\/\/medicalzakopane.pl\/sk\/#website"},"datePublished":"2022-12-02T12:01:57+00:00","dateModified":"2023-04-26T12:33:02+00:00","breadcrumb":{"@id":"https:\/\/medicalzakopane.pl\/sk\/esteticka-medicina\/#breadcrumb"},"inLanguage":"sk-SK","potentialAction":[{"@type":"ReadAction","target":["https:\/\/medicalzakopane.pl\/sk\/esteticka-medicina\/"]}]},{"@type":"BreadcrumbList","@id":"https:\/\/medicalzakopane.pl\/sk\/esteticka-medicina\/#breadcrumb","itemListElement":[{"@type":"ListItem","position":1,"name":"Home","item":"https:\/\/medicalzakopane.pl\/sk\/"},{"@type":"ListItem","position":2,"name":"Estetick\u00e1 medic\u00edna"}]},{"@type":"WebSite","@id":"https:\/\/medicalzakopane.pl\/sk\/#website","url":"https:\/\/medicalzakopane.pl\/sk\/","name":"Medical Clinic Podhale Art - Zakopane - Nowy Targ","description":"Medical Clinic Podhale Art je s\u00fakromn\u00e1 \u0161pecializovan\u00e1 klinika zalo\u017een\u00e1 v roku 2021, ktor\u00e1 svojim pacientom pon\u00faka komplexn\u00fa lek\u00e1rsku starostlivos\u0165 v mnoh\u00fdch oblastiach medic\u00edny.","potentialAction":[{"@type":"SearchAction","target":{"@type":"EntryPoint","urlTemplate":"https:\/\/medicalzakopane.pl\/sk\/?s={search_term_string}"},"query-input":{"@type":"PropertyValueSpecification","valueRequired":true,"valueName":"search_term_string"}}],"inLanguage":"sk-SK"}]}},"_links":{"self":[{"href":"https:\/\/medicalzakopane.pl\/sk\/wp-json\/wp\/v2\/pages\/6597","targetHints":{"allow":["GET"]}}],"collection":[{"href":"https:\/\/medicalzakopane.pl\/sk\/wp-json\/wp\/v2\/pages"}],"about":[{"href":"https:\/\/medicalzakopane.pl\/sk\/wp-json\/wp\/v2\/types\/page"}],"author":[{"embeddable":true,"href":"https:\/\/medicalzakopane.pl\/sk\/wp-json\/wp\/v2\/users\/2"}],"replies":[{"embeddable":true,"href":"https:\/\/medicalzakopane.pl\/sk\/wp-json\/wp\/v2\/comments?post=6597"}],"version-history":[{"count":2,"href":"https:\/\/medicalzakopane.pl\/sk\/wp-json\/wp\/v2\/pages\/6597\/revisions"}],"predecessor-version":[{"id":7869,"href":"https:\/\/medicalzakopane.pl\/sk\/wp-json\/wp\/v2\/pages\/6597\/revisions\/7869"}],"wp:attachment":[{"href":"https:\/\/medicalzakopane.pl\/sk\/wp-json\/wp\/v2\/media?parent=6597"}],"curies":[{"name":"wp","href":"https:\/\/api.w.org\/{rel}","templated":true}]}}