{"id":6592,"date":"2022-12-02T12:59:21","date_gmt":"2022-12-02T11:59:21","guid":{"rendered":"https:\/\/medicalzakopane.pl\/en\/?page_id=6592"},"modified":"2023-04-26T14:48:56","modified_gmt":"2023-04-26T12:48:56","slug":"plasticka-chirurgia","status":"publish","type":"page","link":"https:\/\/medicalzakopane.pl\/sk\/plasticka-chirurgia\/","title":{"rendered":"Plastick\u00e1 chirurgia"},"content":{"rendered":"<p>Pon\u00fakame v\u00e1m \u0161irok\u00fa \u0161k\u00e1lu chirurgick\u00fdch z\u00e1krokov na tv\u00e1ri aj tele, ktor\u00e9 vykon\u00e1vaj\u00fa vy\u0161kolen\u00ed \u0161pecialisti. Na\u0161a klinika vykon\u00e1va plastick\u00e9 oper\u00e1cie tv\u00e1re, p\u0155s, siluety, estetick\u00fa gynekol\u00f3giu a odstra\u0148ovanie jaziev, stri\u00ed a matersk\u00fdch znamienok.<\/p>\n","protected":false},"excerpt":{"rendered":"<p>Pon\u00fakame v\u00e1m \u0161irok\u00fa \u0161k\u00e1lu chirurgick\u00fdch z\u00e1krokov na tv\u00e1ri aj tele, ktor\u00e9 vykon\u00e1vaj\u00fa vy\u0161kolen\u00ed \u0161pecialisti. Na\u0161a klinika vykon\u00e1va plastick\u00e9 oper\u00e1cie tv\u00e1re, p\u0155s, siluety, estetick\u00fa gynekol\u00f3giu a odstra\u0148ovanie jaziev, stri\u00ed a matersk\u00fdch znamienok.<\/p>\n","protected":false},"author":2,"featured_media":0,"parent":0,"menu_order":0,"comment_status":"closed","ping_status":"closed","template":"page-specjalizacja.php","meta":{"footnotes":""},"class_list":["post-6592","page","type-page","status-publish","hentry"],"acf":[],"yoast_head":"<!-- This site is optimized with the Yoast SEO plugin v25.0 - https:\/\/yoast.com\/wordpress\/plugins\/seo\/ -->\n<title>Plastick\u00e1 chirurgia - Medical Clinic Podhale Art - Zakopane - Nowy Targ<\/title>\n<meta name=\"robots\" content=\"index, follow, max-snippet:-1, max-image-preview:large, max-video-preview:-1\" \/>\n<link rel=\"canonical\" href=\"https:\/\/medicalzakopane.pl\/sk\/plasticka-chirurgia\/\" \/>\n<meta property=\"og:locale\" content=\"sk_SK\" \/>\n<meta property=\"og:type\" content=\"article\" \/>\n<meta property=\"og:title\" content=\"Plastick\u00e1 chirurgia - Medical Clinic Podhale Art - Zakopane - Nowy Targ\" \/>\n<meta property=\"og:description\" content=\"Pon\u00fakame v\u00e1m \u0161irok\u00fa \u0161k\u00e1lu chirurgick\u00fdch z\u00e1krokov na tv\u00e1ri aj tele, ktor\u00e9 vykon\u00e1vaj\u00fa vy\u0161kolen\u00ed \u0161pecialisti. Na\u0161a klinika vykon\u00e1va plastick\u00e9 oper\u00e1cie tv\u00e1re, p\u0155s, siluety, estetick\u00fa gynekol\u00f3giu a odstra\u0148ovanie jaziev, stri\u00ed a matersk\u00fdch znamienok.\" \/>\n<meta property=\"og:url\" content=\"https:\/\/medicalzakopane.pl\/sk\/plasticka-chirurgia\/\" \/>\n<meta property=\"og:site_name\" content=\"Medical Clinic Podhale Art - Zakopane - Nowy Targ\" \/>\n<meta property=\"article:modified_time\" content=\"2023-04-26T12:48:56+00:00\" \/>\n<meta name=\"twitter:card\" content=\"summary_large_image\" \/>\n<meta name=\"twitter:label1\" content=\"Predpokladan\u00fd \u010das \u010d\u00edtania\" \/>\n\t<meta name=\"twitter:data1\" content=\"1 min\u00fata\" \/>\n<!-- \/ Yoast SEO plugin. -->","yoast_head_json":{"title":"Plastick\u00e1 chirurgia - Medical Clinic Podhale Art - Zakopane - Nowy Targ","robots":{"index":"index","follow":"follow","max-snippet":"max-snippet:-1","max-image-preview":"max-image-preview:large","max-video-preview":"max-video-preview:-1"},"canonical":"https:\/\/medicalzakopane.pl\/sk\/plasticka-chirurgia\/","og_locale":"sk_SK","og_type":"article","og_title":"Plastick\u00e1 chirurgia - Medical Clinic Podhale Art - Zakopane - Nowy Targ","og_description":"Pon\u00fakame v\u00e1m \u0161irok\u00fa \u0161k\u00e1lu chirurgick\u00fdch z\u00e1krokov na tv\u00e1ri aj tele, ktor\u00e9 vykon\u00e1vaj\u00fa vy\u0161kolen\u00ed \u0161pecialisti. Na\u0161a klinika vykon\u00e1va plastick\u00e9 oper\u00e1cie tv\u00e1re, p\u0155s, siluety, estetick\u00fa gynekol\u00f3giu a odstra\u0148ovanie jaziev, stri\u00ed a matersk\u00fdch znamienok.","og_url":"https:\/\/medicalzakopane.pl\/sk\/plasticka-chirurgia\/","og_site_name":"Medical Clinic Podhale Art - Zakopane - Nowy Targ","article_modified_time":"2023-04-26T12:48:56+00:00","twitter_card":"summary_large_image","twitter_misc":{"Predpokladan\u00fd \u010das \u010d\u00edtania":"1 min\u00fata"},"schema":{"@context":"https:\/\/schema.org","@graph":[{"@type":"WebPage","@id":"https:\/\/medicalzakopane.pl\/sk\/plasticka-chirurgia\/","url":"https:\/\/medicalzakopane.pl\/sk\/plasticka-chirurgia\/","name":"Plastick\u00e1 chirurgia - Medical Clinic Podhale Art - Zakopane - Nowy Targ","isPartOf":{"@id":"https:\/\/medicalzakopane.pl\/sk\/#website"},"datePublished":"2022-12-02T11:59:21+00:00","dateModified":"2023-04-26T12:48:56+00:00","breadcrumb":{"@id":"https:\/\/medicalzakopane.pl\/sk\/plasticka-chirurgia\/#breadcrumb"},"inLanguage":"sk-SK","potentialAction":[{"@type":"ReadAction","target":["https:\/\/medicalzakopane.pl\/sk\/plasticka-chirurgia\/"]}]},{"@type":"BreadcrumbList","@id":"https:\/\/medicalzakopane.pl\/sk\/plasticka-chirurgia\/#breadcrumb","itemListElement":[{"@type":"ListItem","position":1,"name":"Home","item":"https:\/\/medicalzakopane.pl\/sk\/"},{"@type":"ListItem","position":2,"name":"Plastick\u00e1 chirurgia"}]},{"@type":"WebSite","@id":"https:\/\/medicalzakopane.pl\/sk\/#website","url":"https:\/\/medicalzakopane.pl\/sk\/","name":"Medical Clinic Podhale Art - Zakopane - Nowy Targ","description":"Medical Clinic Podhale Art je s\u00fakromn\u00e1 \u0161pecializovan\u00e1 klinika zalo\u017een\u00e1 v roku 2021, ktor\u00e1 svojim pacientom pon\u00faka komplexn\u00fa lek\u00e1rsku starostlivos\u0165 v mnoh\u00fdch oblastiach medic\u00edny.","potentialAction":[{"@type":"SearchAction","target":{"@type":"EntryPoint","urlTemplate":"https:\/\/medicalzakopane.pl\/sk\/?s={search_term_string}"},"query-input":{"@type":"PropertyValueSpecification","valueRequired":true,"valueName":"search_term_string"}}],"inLanguage":"sk-SK"}]}},"_links":{"self":[{"href":"https:\/\/medicalzakopane.pl\/sk\/wp-json\/wp\/v2\/pages\/6592","targetHints":{"allow":["GET"]}}],"collection":[{"href":"https:\/\/medicalzakopane.pl\/sk\/wp-json\/wp\/v2\/pages"}],"about":[{"href":"https:\/\/medicalzakopane.pl\/sk\/wp-json\/wp\/v2\/types\/page"}],"author":[{"embeddable":true,"href":"https:\/\/medicalzakopane.pl\/sk\/wp-json\/wp\/v2\/users\/2"}],"replies":[{"embeddable":true,"href":"https:\/\/medicalzakopane.pl\/sk\/wp-json\/wp\/v2\/comments?post=6592"}],"version-history":[{"count":2,"href":"https:\/\/medicalzakopane.pl\/sk\/wp-json\/wp\/v2\/pages\/6592\/revisions"}],"predecessor-version":[{"id":7879,"href":"https:\/\/medicalzakopane.pl\/sk\/wp-json\/wp\/v2\/pages\/6592\/revisions\/7879"}],"wp:attachment":[{"href":"https:\/\/medicalzakopane.pl\/sk\/wp-json\/wp\/v2\/media?parent=6592"}],"curies":[{"name":"wp","href":"https:\/\/api.w.org\/{rel}","templated":true}]}}